{"id":942,"date":"2021-04-06T19:03:57","date_gmt":"2021-04-06T19:03:57","guid":{"rendered":"https:\/\/fundacionortizgurdian-salud.org\/home\/?page_id=942"},"modified":"2021-06-14T19:41:32","modified_gmt":"2021-06-14T19:41:32","slug":"inicio-fundacion-ortiz-gurdian","status":"publish","type":"page","link":"https:\/\/fundacionortizgurdian-salud.org\/home\/","title":{"rendered":"Inicio Fundacion Ort\u00edz Gurdi\u00e1n"},"content":{"rendered":"\t\t<div data-elementor-type=\"wp-page\" data-elementor-id=\"942\" class=\"elementor elementor-942\" data-elementor-settings=\"[]\">\n\t\t\t\t\t\t\t<div class=\"elementor-section-wrap\">\n\t\t\t\t\t\t\t<section class=\"elementor-section elementor-top-section elementor-element elementor-element-225edca elementor-section-height-full elementor-section-boxed elementor-section-height-default elementor-section-items-middle\" data-id=\"225edca\" data-element_type=\"section\" data-settings=\"{&quot;background_background&quot;:&quot;gradient&quot;}\">\n\t\t\t\t\t\t\t<div class=\"elementor-background-overlay\"><\/div>\n\t\t\t\t\t\t\t<div class=\"elementor-container elementor-column-gap-default\">\n\t\t\t\t\t<div class=\"elementor-column elementor-col-100 elementor-top-column elementor-element elementor-element-df559f6\" data-id=\"df559f6\" data-element_type=\"column\">\n\t\t\t<div class=\"elementor-widget-wrap elementor-element-populated\">\n\t\t\t\t\t\t\t\t<section class=\"elementor-section elementor-inner-section elementor-element elementor-element-6f5672a elementor-section-content-middle elementor-section-boxed elementor-section-height-default elementor-section-height-default\" data-id=\"6f5672a\" data-element_type=\"section\">\n\t\t\t\t\t\t<div class=\"elementor-container elementor-column-gap-default\">\n\t\t\t\t\t<div class=\"elementor-column elementor-col-33 elementor-inner-column elementor-element elementor-element-4501d69\" data-id=\"4501d69\" data-element_type=\"column\">\n\t\t\t<div class=\"elementor-widget-wrap elementor-element-populated\">\n\t\t\t\t\t\t\t\t<div class=\"elementor-element elementor-element-e6d67d3 elementor-widget elementor-widget-heading\" data-id=\"e6d67d3\" data-element_type=\"widget\" data-widget_type=\"heading.default\">\n\t\t\t\t<div class=\"elementor-widget-container\">\n\t\t\t<h2 class=\"elementor-heading-title elementor-size-default\">Programa Salud<\/h2>\t\t<\/div>\n\t\t\t\t<\/div>\n\t\t\t\t<div class=\"elementor-element elementor-element-e958c10 elementor-widget elementor-widget-text-editor\" data-id=\"e958c10\" data-element_type=\"widget\" data-widget_type=\"text-editor.default\">\n\t\t\t\t<div class=\"elementor-widget-container\">\n\t\t\t\t\t\t\t<p>Cl\u00ednica C\u00e1ncer de Mamas<br \/>Managua, Nicaragua<\/p><p>Estatua de Montoya<br \/>1c al lago, 1\/2 c abajo<br \/>info@fundacionortizgurdian.org<br \/>+(505) 2268-1744<\/p>\t\t\t\t\t\t<\/div>\n\t\t\t\t<\/div>\n\t\t\t\t<div class=\"elementor-element elementor-element-4e65fe5 elementor-align-center elementor-widget elementor-widget-button\" data-id=\"4e65fe5\" data-element_type=\"widget\" data-widget_type=\"button.default\">\n\t\t\t\t<div class=\"elementor-widget-container\">\n\t\t\t\t\t<div class=\"elementor-button-wrapper\">\n\t\t\t<a href=\"https:\/\/fundacionortizgurdian-salud.org\/home\/home\/\" target=\"_blank\" class=\"elementor-button-link elementor-button elementor-size-sm\" role=\"button\">\n\t\t\t\t\t\t<span class=\"elementor-button-content-wrapper\">\n\t\t\t\t\t\t<span class=\"elementor-button-text\">Ir a Salud<\/span>\n\t\t<\/span>\n\t\t\t\t\t<\/a>\n\t\t<\/div>\n\t\t\t\t<\/div>\n\t\t\t\t<\/div>\n\t\t\t\t\t<\/div>\n\t\t<\/div>\n\t\t\t\t<div class=\"elementor-column elementor-col-33 elementor-inner-column elementor-element elementor-element-6349f0c\" data-id=\"6349f0c\" data-element_type=\"column\">\n\t\t\t<div class=\"elementor-widget-wrap elementor-element-populated\">\n\t\t\t\t\t\t\t\t<div class=\"elementor-element elementor-element-82a177e elementor-widget elementor-widget-image\" data-id=\"82a177e\" data-element_type=\"widget\" data-widget_type=\"image.default\">\n\t\t\t\t<div class=\"elementor-widget-container\">\n\t\t\t\t\t\t\t\t\t\t\t\t\t\t\t<img decoding=\"async\" src=\"https:\/\/fundacionortizgurdian-salud.org\/home\/wp-content\/uploads\/elementor\/thumbs\/FOG-LanginV01-p5f3net25ikwhaxlk0muk7pc2w5uwu7wa16j47tzi8.png\" title=\"FOG-LanginV01\" alt=\"FOG-LanginV01\" \/>\t\t\t\t\t\t\t\t\t\t\t\t\t\t\t<\/div>\n\t\t\t\t<\/div>\n\t\t\t\t\t<\/div>\n\t\t<\/div>\n\t\t\t\t<div class=\"elementor-column elementor-col-33 elementor-inner-column elementor-element elementor-element-66199f6\" data-id=\"66199f6\" data-element_type=\"column\">\n\t\t\t<div class=\"elementor-widget-wrap elementor-element-populated\">\n\t\t\t\t\t\t\t\t<div class=\"elementor-element elementor-element-980df37 elementor-widget elementor-widget-heading\" data-id=\"980df37\" data-element_type=\"widget\" data-widget_type=\"heading.default\">\n\t\t\t\t<div class=\"elementor-widget-container\">\n\t\t\t<h2 class=\"elementor-heading-title elementor-size-default\">Programa cultura<\/h2>\t\t<\/div>\n\t\t\t\t<\/div>\n\t\t\t\t<div class=\"elementor-element elementor-element-f46fad6 elementor-widget elementor-widget-text-editor\" data-id=\"f46fad6\" data-element_type=\"widget\" data-widget_type=\"text-editor.default\">\n\t\t\t\t<div class=\"elementor-widget-container\">\n\t\t\t\t\t\t\t<p>Centro de Arte Fundaci\u00f3n Ortiz Gurdian\/ Banpro, programacultural@fundacionortizgurdian.org\u00a0 \u00a0Managua<br \/>+(505) 2264-1178<\/p><p>Centro de\u00a0<span style=\"background-color: transparent; font-size: 1rem;\">Arte\u00a0<\/span><span style=\"font-style: inherit; font-weight: inherit; background-color: transparent;\">Fundaci\u00f3n Ortiz Gurdi\u00e1n Le\u00f3n\u00a0 \u00a0 \u00a0<\/span>Esquina opuesta Iglesia San Francisco.<br \/>infocultura@fundacionortizgurdian.org<br \/>+(505) 2311-7222<\/p>\t\t\t\t\t\t<\/div>\n\t\t\t\t<\/div>\n\t\t\t\t<div class=\"elementor-element elementor-element-ce6fe00 elementor-align-center elementor-widget elementor-widget-button\" data-id=\"ce6fe00\" data-element_type=\"widget\" data-widget_type=\"button.default\">\n\t\t\t\t<div class=\"elementor-widget-container\">\n\t\t\t\t\t<div class=\"elementor-button-wrapper\">\n\t\t\t<a href=\"#\" class=\"elementor-button-link elementor-button elementor-size-sm\" role=\"button\">\n\t\t\t\t\t\t<span class=\"elementor-button-content-wrapper\">\n\t\t\t\t\t\t<span class=\"elementor-button-text\">Ir a Cultura<\/span>\n\t\t<\/span>\n\t\t\t\t\t<\/a>\n\t\t<\/div>\n\t\t\t\t<\/div>\n\t\t\t\t<\/div>\n\t\t\t\t\t<\/div>\n\t\t<\/div>\n\t\t\t\t\t\t\t<\/div>\n\t\t<\/section>\n\t\t\t\t\t<\/div>\n\t\t<\/div>\n\t\t\t\t\t\t\t<\/div>\n\t\t<\/section>\n\t\t\t\t\t\t<\/div>\n\t\t\t\t\t<\/div>\n\t\t","protected":false},"excerpt":{"rendered":"<p>Programa Salud Cl\u00ednica C\u00e1ncer de Mamas Managua, Nicaragua Estatua de Montoya 1c al lago, 1\/2 c abajo info@fundacionortizgurdian.org +(505) 2268-1744 Ir a Salud Programa cultura Centro de Arte Fundaci\u00f3n Ortiz Gurdian\/ Banpro, programacultural@fundacionortizgurdian.org\u00a0 \u00a0Managua +(505) 2264-1178 Centro de\u00a0Arte\u00a0Fundaci\u00f3n Ortiz Gurdi\u00e1n Le\u00f3n\u00a0 \u00a0 \u00a0Esquina opuesta Iglesia San Francisco. infocultura@fundacionortizgurdian.org +(505) 2311-7222 Ir a Cultura<\/p>\n","protected":false},"author":1,"featured_media":0,"parent":0,"menu_order":0,"comment_status":"closed","ping_status":"closed","template":"elementor_canvas","meta":{"footnotes":""},"class_list":["post-942","page","type-page","status-publish","hentry"],"yoast_head":"<!-- This site is optimized with the Yoast SEO plugin v17.3 - https:\/\/yoast.com\/wordpress\/plugins\/seo\/ -->\n<title>Inicio Fundacion Ort\u00edz Gurdi\u00e1n - Fundaci\u00f3n Ortiz Gurdi\u00e1n<\/title>\n<meta name=\"robots\" content=\"index, follow, max-snippet:-1, max-image-preview:large, max-video-preview:-1\" \/>\n<link rel=\"canonical\" href=\"https:\/\/fundacionortizgurdian-salud.org\/home\/\" \/>\n<meta property=\"og:locale\" content=\"es_ES\" \/>\n<meta property=\"og:type\" content=\"article\" \/>\n<meta property=\"og:title\" content=\"Inicio Fundacion Ort\u00edz Gurdi\u00e1n - Fundaci\u00f3n Ortiz Gurdi\u00e1n\" \/>\n<meta property=\"og:description\" content=\"Programa Salud Cl\u00ednica C\u00e1ncer de Mamas Managua, Nicaragua Estatua de Montoya 1c al lago, 1\/2 c abajo info@fundacionortizgurdian.org +(505) 2268-1744 Ir a Salud Programa cultura Centro de Arte Fundaci\u00f3n Ortiz Gurdian\/ Banpro, programacultural@fundacionortizgurdian.org\u00a0 \u00a0Managua +(505) 2264-1178 Centro de\u00a0Arte\u00a0Fundaci\u00f3n Ortiz Gurdi\u00e1n Le\u00f3n\u00a0 \u00a0 \u00a0Esquina opuesta Iglesia San Francisco. infocultura@fundacionortizgurdian.org +(505) 2311-7222 Ir a Cultura\" \/>\n<meta property=\"og:url\" content=\"https:\/\/fundacionortizgurdian-salud.org\/home\/\" \/>\n<meta property=\"og:site_name\" content=\"Fundaci\u00f3n Ortiz Gurdi\u00e1n\" \/>\n<meta property=\"article:modified_time\" content=\"2021-06-14T19:41:32+00:00\" \/>\n<meta property=\"og:image\" content=\"https:\/\/fundacionortizgurdian-salud.org\/home\/wp-content\/uploads\/elementor\/thumbs\/FOG-LanginV01-p5f3net25ikwhaxlk0muk7pc2w5uwu7wa16j47tzi8.png\" \/>\n<meta name=\"twitter:card\" content=\"summary_large_image\" \/>\n<script type=\"application\/ld+json\" class=\"yoast-schema-graph\">{\"@context\":\"https:\/\/schema.org\",\"@graph\":[{\"@type\":\"WebSite\",\"@id\":\"https:\/\/fundacionortizgurdian-salud.org\/home\/#website\",\"url\":\"https:\/\/fundacionortizgurdian-salud.org\/home\/\",\"name\":\"Fundaci\\u00f3n Ortiz Gurdi\\u00e1n\",\"description\":\"Salud\",\"potentialAction\":[{\"@type\":\"SearchAction\",\"target\":{\"@type\":\"EntryPoint\",\"urlTemplate\":\"https:\/\/fundacionortizgurdian-salud.org\/home\/?s={search_term_string}\"},\"query-input\":\"required name=search_term_string\"}],\"inLanguage\":\"es\"},{\"@type\":\"ImageObject\",\"@id\":\"https:\/\/fundacionortizgurdian-salud.org\/home\/#primaryimage\",\"inLanguage\":\"es\",\"url\":\"https:\/\/fundacionortizgurdian-salud.org\/home\/wp-content\/uploads\/elementor\/thumbs\/FOG-LanginV01-p5f3net25ikwhaxlk0muk7pc2w5uwu7wa16j47tzi8.png\",\"contentUrl\":\"https:\/\/fundacionortizgurdian-salud.org\/home\/wp-content\/uploads\/elementor\/thumbs\/FOG-LanginV01-p5f3net25ikwhaxlk0muk7pc2w5uwu7wa16j47tzi8.png\"},{\"@type\":\"WebPage\",\"@id\":\"https:\/\/fundacionortizgurdian-salud.org\/home\/#webpage\",\"url\":\"https:\/\/fundacionortizgurdian-salud.org\/home\/\",\"name\":\"Inicio Fundacion Ort\\u00edz Gurdi\\u00e1n - Fundaci\\u00f3n Ortiz Gurdi\\u00e1n\",\"isPartOf\":{\"@id\":\"https:\/\/fundacionortizgurdian-salud.org\/home\/#website\"},\"primaryImageOfPage\":{\"@id\":\"https:\/\/fundacionortizgurdian-salud.org\/home\/#primaryimage\"},\"datePublished\":\"2021-04-06T19:03:57+00:00\",\"dateModified\":\"2021-06-14T19:41:32+00:00\",\"breadcrumb\":{\"@id\":\"https:\/\/fundacionortizgurdian-salud.org\/home\/#breadcrumb\"},\"inLanguage\":\"es\",\"potentialAction\":[{\"@type\":\"ReadAction\",\"target\":[\"https:\/\/fundacionortizgurdian-salud.org\/home\/\"]}]},{\"@type\":\"BreadcrumbList\",\"@id\":\"https:\/\/fundacionortizgurdian-salud.org\/home\/#breadcrumb\",\"itemListElement\":[{\"@type\":\"ListItem\",\"position\":1,\"name\":\"Portada\",\"item\":\"https:\/\/fundacionortizgurdian-salud.org\/home\/\"},{\"@type\":\"ListItem\",\"position\":2,\"name\":\"Inicio Fundacion Ort\\u00edz Gurdi\\u00e1n\"}]}]}<\/script>\n<!-- \/ Yoast SEO plugin. -->","yoast_head_json":{"title":"Inicio Fundacion Ort\u00edz Gurdi\u00e1n - Fundaci\u00f3n Ortiz Gurdi\u00e1n","robots":{"index":"index","follow":"follow","max-snippet":"max-snippet:-1","max-image-preview":"max-image-preview:large","max-video-preview":"max-video-preview:-1"},"canonical":"https:\/\/fundacionortizgurdian-salud.org\/home\/","og_locale":"es_ES","og_type":"article","og_title":"Inicio Fundacion Ort\u00edz Gurdi\u00e1n - Fundaci\u00f3n Ortiz Gurdi\u00e1n","og_description":"Programa Salud Cl\u00ednica C\u00e1ncer de Mamas Managua, Nicaragua Estatua de Montoya 1c al lago, 1\/2 c abajo info@fundacionortizgurdian.org +(505) 2268-1744 Ir a Salud Programa cultura Centro de Arte Fundaci\u00f3n Ortiz Gurdian\/ Banpro, programacultural@fundacionortizgurdian.org\u00a0 \u00a0Managua +(505) 2264-1178 Centro de\u00a0Arte\u00a0Fundaci\u00f3n Ortiz Gurdi\u00e1n Le\u00f3n\u00a0 \u00a0 \u00a0Esquina opuesta Iglesia San Francisco. infocultura@fundacionortizgurdian.org +(505) 2311-7222 Ir a Cultura","og_url":"https:\/\/fundacionortizgurdian-salud.org\/home\/","og_site_name":"Fundaci\u00f3n Ortiz Gurdi\u00e1n","article_modified_time":"2021-06-14T19:41:32+00:00","og_image":[{"url":"https:\/\/fundacionortizgurdian-salud.org\/home\/wp-content\/uploads\/elementor\/thumbs\/FOG-LanginV01-p5f3net25ikwhaxlk0muk7pc2w5uwu7wa16j47tzi8.png"}],"twitter_card":"summary_large_image","schema":{"@context":"https:\/\/schema.org","@graph":[{"@type":"WebSite","@id":"https:\/\/fundacionortizgurdian-salud.org\/home\/#website","url":"https:\/\/fundacionortizgurdian-salud.org\/home\/","name":"Fundaci\u00f3n Ortiz Gurdi\u00e1n","description":"Salud","potentialAction":[{"@type":"SearchAction","target":{"@type":"EntryPoint","urlTemplate":"https:\/\/fundacionortizgurdian-salud.org\/home\/?s={search_term_string}"},"query-input":"required name=search_term_string"}],"inLanguage":"es"},{"@type":"ImageObject","@id":"https:\/\/fundacionortizgurdian-salud.org\/home\/#primaryimage","inLanguage":"es","url":"https:\/\/fundacionortizgurdian-salud.org\/home\/wp-content\/uploads\/elementor\/thumbs\/FOG-LanginV01-p5f3net25ikwhaxlk0muk7pc2w5uwu7wa16j47tzi8.png","contentUrl":"https:\/\/fundacionortizgurdian-salud.org\/home\/wp-content\/uploads\/elementor\/thumbs\/FOG-LanginV01-p5f3net25ikwhaxlk0muk7pc2w5uwu7wa16j47tzi8.png"},{"@type":"WebPage","@id":"https:\/\/fundacionortizgurdian-salud.org\/home\/#webpage","url":"https:\/\/fundacionortizgurdian-salud.org\/home\/","name":"Inicio Fundacion Ort\u00edz Gurdi\u00e1n - Fundaci\u00f3n Ortiz Gurdi\u00e1n","isPartOf":{"@id":"https:\/\/fundacionortizgurdian-salud.org\/home\/#website"},"primaryImageOfPage":{"@id":"https:\/\/fundacionortizgurdian-salud.org\/home\/#primaryimage"},"datePublished":"2021-04-06T19:03:57+00:00","dateModified":"2021-06-14T19:41:32+00:00","breadcrumb":{"@id":"https:\/\/fundacionortizgurdian-salud.org\/home\/#breadcrumb"},"inLanguage":"es","potentialAction":[{"@type":"ReadAction","target":["https:\/\/fundacionortizgurdian-salud.org\/home\/"]}]},{"@type":"BreadcrumbList","@id":"https:\/\/fundacionortizgurdian-salud.org\/home\/#breadcrumb","itemListElement":[{"@type":"ListItem","position":1,"name":"Portada","item":"https:\/\/fundacionortizgurdian-salud.org\/home\/"},{"@type":"ListItem","position":2,"name":"Inicio Fundacion Ort\u00edz Gurdi\u00e1n"}]}]}},"_links":{"self":[{"href":"https:\/\/fundacionortizgurdian-salud.org\/home\/wp-json\/wp\/v2\/pages\/942","targetHints":{"allow":["GET"]}}],"collection":[{"href":"https:\/\/fundacionortizgurdian-salud.org\/home\/wp-json\/wp\/v2\/pages"}],"about":[{"href":"https:\/\/fundacionortizgurdian-salud.org\/home\/wp-json\/wp\/v2\/types\/page"}],"author":[{"embeddable":true,"href":"https:\/\/fundacionortizgurdian-salud.org\/home\/wp-json\/wp\/v2\/users\/1"}],"replies":[{"embeddable":true,"href":"https:\/\/fundacionortizgurdian-salud.org\/home\/wp-json\/wp\/v2\/comments?post=942"}],"version-history":[{"count":207,"href":"https:\/\/fundacionortizgurdian-salud.org\/home\/wp-json\/wp\/v2\/pages\/942\/revisions"}],"predecessor-version":[{"id":2258,"href":"https:\/\/fundacionortizgurdian-salud.org\/home\/wp-json\/wp\/v2\/pages\/942\/revisions\/2258"}],"wp:attachment":[{"href":"https:\/\/fundacionortizgurdian-salud.org\/home\/wp-json\/wp\/v2\/media?parent=942"}],"curies":[{"name":"wp","href":"https:\/\/api.w.org\/{rel}","templated":true}]}}