{"id":1180,"date":"2021-04-08T15:42:10","date_gmt":"2021-04-08T15:42:10","guid":{"rendered":"https:\/\/fundacionortizgurdian-salud.org\/home\/?page_id=1180"},"modified":"2021-07-20T20:29:27","modified_gmt":"2021-07-21T02:29:27","slug":"contacto","status":"publish","type":"page","link":"https:\/\/fundacionortizgurdian-salud.org\/home\/contacto\/","title":{"rendered":"Contacto"},"content":{"rendered":"\t\t<div data-elementor-type=\"wp-page\" data-elementor-id=\"1180\" class=\"elementor elementor-1180\" data-elementor-settings=\"[]\">\n\t\t\t\t\t\t\t<div class=\"elementor-section-wrap\">\n\t\t\t\t\t\t\t<section class=\"elementor-section elementor-top-section elementor-element elementor-element-2b9aefe5 elementor-section-content-bottom elementor-section-boxed elementor-section-height-default elementor-section-height-default\" data-id=\"2b9aefe5\" data-element_type=\"section\" data-settings=\"{&quot;background_background&quot;:&quot;classic&quot;}\">\n\t\t\t\t\t\t\t<div class=\"elementor-background-overlay\"><\/div>\n\t\t\t\t\t\t\t<div class=\"elementor-container elementor-column-gap-extended\">\n\t\t\t\t\t<div class=\"elementor-column elementor-col-100 elementor-top-column elementor-element elementor-element-61fc41ae\" data-id=\"61fc41ae\" data-element_type=\"column\">\n\t\t\t<div class=\"elementor-widget-wrap elementor-element-populated\">\n\t\t\t\t\t\t\t\t<div class=\"elementor-element elementor-element-60db299 elementor-widget elementor-widget-heading\" data-id=\"60db299\" data-element_type=\"widget\" data-widget_type=\"heading.default\">\n\t\t\t\t<div class=\"elementor-widget-container\">\n\t\t\t<h1 class=\"elementor-heading-title elementor-size-default\">Contacto<\/h1>\t\t<\/div>\n\t\t\t\t<\/div>\n\t\t\t\t\t<\/div>\n\t\t<\/div>\n\t\t\t\t\t\t\t<\/div>\n\t\t<\/section>\n\t\t\t\t<section class=\"elementor-section elementor-top-section elementor-element elementor-element-53efb8b elementor-section-boxed elementor-section-height-default elementor-section-height-default\" data-id=\"53efb8b\" data-element_type=\"section\">\n\t\t\t\t\t\t<div class=\"elementor-container elementor-column-gap-default\">\n\t\t\t\t\t<div class=\"elementor-column elementor-col-16 elementor-top-column elementor-element elementor-element-57fb32b\" data-id=\"57fb32b\" data-element_type=\"column\">\n\t\t\t<div class=\"elementor-widget-wrap\">\n\t\t\t\t\t\t\t\t\t<\/div>\n\t\t<\/div>\n\t\t\t\t<div class=\"elementor-column elementor-col-66 elementor-top-column elementor-element elementor-element-064b1a0\" data-id=\"064b1a0\" data-element_type=\"column\">\n\t\t\t<div class=\"elementor-widget-wrap elementor-element-populated\">\n\t\t\t\t\t\t\t\t<div class=\"elementor-element elementor-element-4ca6255 elementor-widget elementor-widget-image\" data-id=\"4ca6255\" data-element_type=\"widget\" data-widget_type=\"image.default\">\n\t\t\t\t<div class=\"elementor-widget-container\">\n\t\t\t\t\t\t\t\t\t\t\t\t\t\t\t<img loading=\"lazy\" decoding=\"async\" width=\"800\" height=\"534\" src=\"https:\/\/fundacionortizgurdian-salud.org\/home\/wp-content\/uploads\/2021\/06\/ContactoFOGV2021.jpg\" class=\"attachment-large size-large\" alt=\"\" srcset=\"https:\/\/fundacionortizgurdian-salud.org\/home\/wp-content\/uploads\/2021\/06\/ContactoFOGV2021.jpg 800w, https:\/\/fundacionortizgurdian-salud.org\/home\/wp-content\/uploads\/2021\/06\/ContactoFOGV2021-300x200.jpg 300w, https:\/\/fundacionortizgurdian-salud.org\/home\/wp-content\/uploads\/2021\/06\/ContactoFOGV2021-768x513.jpg 768w\" sizes=\"auto, (max-width: 800px) 100vw, 800px\" \/>\t\t\t\t\t\t\t\t\t\t\t\t\t\t\t<\/div>\n\t\t\t\t<\/div>\n\t\t\t\t\t<\/div>\n\t\t<\/div>\n\t\t\t\t<div class=\"elementor-column elementor-col-16 elementor-top-column elementor-element elementor-element-e4484f6\" data-id=\"e4484f6\" data-element_type=\"column\">\n\t\t\t<div class=\"elementor-widget-wrap\">\n\t\t\t\t\t\t\t\t\t<\/div>\n\t\t<\/div>\n\t\t\t\t\t\t\t<\/div>\n\t\t<\/section>\n\t\t\t\t<section class=\"elementor-section elementor-top-section elementor-element elementor-element-7bc8466d elementor-section-boxed elementor-section-height-default elementor-section-height-default\" data-id=\"7bc8466d\" data-element_type=\"section\">\n\t\t\t\t\t\t<div class=\"elementor-container elementor-column-gap-default\">\n\t\t\t\t\t<div class=\"elementor-column elementor-col-100 elementor-top-column elementor-element elementor-element-312cf5fa\" data-id=\"312cf5fa\" data-element_type=\"column\">\n\t\t\t<div class=\"elementor-widget-wrap elementor-element-populated\">\n\t\t\t\t\t\t\t\t<section class=\"elementor-section elementor-inner-section elementor-element elementor-element-70058fb5 elementor-section-content-top elementor-section-boxed elementor-section-height-default elementor-section-height-default\" data-id=\"70058fb5\" data-element_type=\"section\">\n\t\t\t\t\t\t<div class=\"elementor-container elementor-column-gap-extended\">\n\t\t\t\t\t<div class=\"elementor-column elementor-col-33 elementor-inner-column elementor-element elementor-element-7fbcc055\" data-id=\"7fbcc055\" data-element_type=\"column\">\n\t\t\t<div class=\"elementor-widget-wrap elementor-element-populated\">\n\t\t\t\t\t\t\t\t<div class=\"elementor-element elementor-element-705a40a7 elementor-widget elementor-widget-heading\" data-id=\"705a40a7\" data-element_type=\"widget\" data-widget_type=\"heading.default\">\n\t\t\t\t<div class=\"elementor-widget-container\">\n\t\t\t<h2 class=\"elementor-heading-title elementor-size-default\">Envianos un Mensaje<\/h2>\t\t<\/div>\n\t\t\t\t<\/div>\n\t\t\t\t<div class=\"elementor-element elementor-element-6c32c601 elementor-icon-list--layout-traditional elementor-list-item-link-full_width elementor-widget elementor-widget-icon-list\" data-id=\"6c32c601\" data-element_type=\"widget\" data-widget_type=\"icon-list.default\">\n\t\t\t\t<div class=\"elementor-widget-container\">\n\t\t\t\t\t<ul class=\"elementor-icon-list-items\">\n\t\t\t\t\t\t\t<li class=\"elementor-icon-list-item\">\n\t\t\t\t\t\t\t\t\t\t\t<a href=\"#\">\n\n\t\t\t\t\t\t\t\t\t\t\t\t<span class=\"elementor-icon-list-icon\">\n\t\t\t\t\t\t\t<i aria-hidden=\"true\" class=\"fas fa-phone\"><\/i>\t\t\t\t\t\t<\/span>\n\t\t\t\t\t\t\t\t\t\t<span class=\"elementor-icon-list-text\">Tel\u00e9fono: +(505) 2268-1744<\/span>\n\t\t\t\t\t\t\t\t\t\t\t<\/a>\n\t\t\t\t\t\t\t\t\t<\/li>\n\t\t\t\t\t\t\t\t<li class=\"elementor-icon-list-item\">\n\t\t\t\t\t\t\t\t\t\t\t<a href=\"#\">\n\n\t\t\t\t\t\t\t\t\t\t\t\t<span class=\"elementor-icon-list-icon\">\n\t\t\t\t\t\t\t<i aria-hidden=\"true\" class=\"far fa-envelope\"><\/i>\t\t\t\t\t\t<\/span>\n\t\t\t\t\t\t\t\t\t\t<span class=\"elementor-icon-list-text\">Email: info@fundacionortizgurdian.org<\/span>\n\t\t\t\t\t\t\t\t\t\t\t<\/a>\n\t\t\t\t\t\t\t\t\t<\/li>\n\t\t\t\t\t\t<\/ul>\n\t\t\t\t<\/div>\n\t\t\t\t<\/div>\n\t\t\t\t<div class=\"elementor-element elementor-element-360cfdd3 elementor-shape-circle e-grid-align-left elementor-grid-3 elementor-widget elementor-widget-social-icons\" data-id=\"360cfdd3\" data-element_type=\"widget\" data-widget_type=\"social-icons.default\">\n\t\t\t\t<div class=\"elementor-widget-container\">\n\t\t\t\t\t<div class=\"elementor-social-icons-wrapper elementor-grid\">\n\t\t\t\t\t\t\t<span class=\"elementor-grid-item\">\n\t\t\t\t\t<a class=\"elementor-icon elementor-social-icon elementor-social-icon-facebook-f elementor-animation-grow elementor-repeater-item-1fc929f\" href=\"https:\/\/www.facebook.com\/fog.salud\" target=\"_blank\">\n\t\t\t\t\t\t<span class=\"elementor-screen-only\">Facebook-f<\/span>\n\t\t\t\t\t\t<i class=\"fab fa-facebook-f\"><\/i>\t\t\t\t\t<\/a>\n\t\t\t\t<\/span>\n\t\t\t\t\t\t\t<span class=\"elementor-grid-item\">\n\t\t\t\t\t<a class=\"elementor-icon elementor-social-icon elementor-social-icon-instagram elementor-animation-grow elementor-repeater-item-07b1945\" href=\"https:\/\/www.instagram.com\/fog.salud\/\" target=\"_blank\">\n\t\t\t\t\t\t<span class=\"elementor-screen-only\">Instagram<\/span>\n\t\t\t\t\t\t<i class=\"fab fa-instagram\"><\/i>\t\t\t\t\t<\/a>\n\t\t\t\t<\/span>\n\t\t\t\t\t<\/div>\n\t\t\t\t<\/div>\n\t\t\t\t<\/div>\n\t\t\t\t\t<\/div>\n\t\t<\/div>\n\t\t\t\t<div class=\"elementor-column elementor-col-33 elementor-inner-column elementor-element elementor-element-14079b81\" data-id=\"14079b81\" data-element_type=\"column\">\n\t\t\t<div class=\"elementor-widget-wrap elementor-element-populated\">\n\t\t\t\t\t\t\t\t<div class=\"elementor-element elementor-element-8c0872f elementor-widget elementor-widget-text-editor\" data-id=\"8c0872f\" data-element_type=\"widget\" data-widget_type=\"text-editor.default\">\n\t\t\t\t<div class=\"elementor-widget-container\">\n\t\t\t\t\t\t\t<div class=\"wpforms-container \" id=\"wpforms-1182\"><form id=\"wpforms-form-1182\" class=\"wpforms-validate wpforms-form\" data-formid=\"1182\" method=\"post\" enctype=\"multipart\/form-data\" action=\"\/home\/wp-json\/wp\/v2\/pages\/1180\" data-token=\"23d5a0d2970abf7be39c1af179f8504c\"><noscript class=\"wpforms-error-noscript\">Por favor, activa JavaScript en tu navegador para completar este formulario.<\/noscript><div class=\"wpforms-field-container\"><div id=\"wpforms-1182-field_0-container\" class=\"wpforms-field wpforms-field-name\" data-field-id=\"0\"><label class=\"wpforms-field-label\" for=\"wpforms-1182-field_0\">Nombre<\/label><input type=\"text\" id=\"wpforms-1182-field_0\" class=\"wpforms-field-large\" name=\"wpforms[fields][0]\" ><\/div><div id=\"wpforms-1182-field_1-container\" class=\"wpforms-field wpforms-field-email\" data-field-id=\"1\"><label class=\"wpforms-field-label\" for=\"wpforms-1182-field_1\">Correo<\/label><input type=\"email\" id=\"wpforms-1182-field_1\" class=\"wpforms-field-large\" name=\"wpforms[fields][1]\" ><\/div><div id=\"wpforms-1182-field_3-container\" class=\"wpforms-field wpforms-field-text\" data-field-id=\"3\"><label class=\"wpforms-field-label\" for=\"wpforms-1182-field_3\">Asunto<\/label><input type=\"text\" id=\"wpforms-1182-field_3\" class=\"wpforms-field-large\" name=\"wpforms[fields][3]\" ><\/div><div id=\"wpforms-1182-field_2-container\" class=\"wpforms-field wpforms-field-textarea\" data-field-id=\"2\"><label class=\"wpforms-field-label\" for=\"wpforms-1182-field_2\">Mensaje<\/label><textarea id=\"wpforms-1182-field_2\" class=\"wpforms-field-large\" name=\"wpforms[fields][2]\" ><\/textarea><\/div><\/div><div class=\"wpforms-field wpforms-field-hp\"><label for=\"wpforms-1182-field-hp\" class=\"wpforms-field-label\">Message<\/label><input type=\"text\" name=\"wpforms[hp]\" id=\"wpforms-1182-field-hp\" class=\"wpforms-field-medium\"><\/div><div class=\"wpforms-submit-container\" ><input type=\"hidden\" name=\"wpforms[id]\" value=\"1182\"><input type=\"hidden\" name=\"wpforms[author]\" value=\"1\"><button type=\"submit\" name=\"wpforms[submit]\" class=\"wpforms-submit \" id=\"wpforms-submit-1182\" value=\"wpforms-submit\" aria-live=\"assertive\" data-alt-text=\"Enviando....\" data-submit-text=\"Enviar\">Enviar<\/button><\/div><\/form><\/div>  <!-- .wpforms-container -->\t\t\t\t\t\t<\/div>\n\t\t\t\t<\/div>\n\t\t\t\t\t<\/div>\n\t\t<\/div>\n\t\t\t\t<div class=\"elementor-column elementor-col-33 elementor-inner-column elementor-element elementor-element-17607261\" data-id=\"17607261\" data-element_type=\"column\" data-settings=\"{&quot;background_background&quot;:&quot;classic&quot;}\">\n\t\t\t<div class=\"elementor-widget-wrap elementor-element-populated\">\n\t\t\t\t\t\t\t\t<div class=\"elementor-element elementor-element-7286710a elementor-widget elementor-widget-heading\" data-id=\"7286710a\" data-element_type=\"widget\" data-widget_type=\"heading.default\">\n\t\t\t\t<div class=\"elementor-widget-container\">\n\t\t\t<h2 class=\"elementor-heading-title elementor-size-default\">HAZ TU CITA!<\/h2>\t\t<\/div>\n\t\t\t\t<\/div>\n\t\t\t\t<div class=\"elementor-element elementor-element-7ac4ac76 elementor-widget elementor-widget-text-editor\" data-id=\"7ac4ac76\" data-element_type=\"widget\" data-widget_type=\"text-editor.default\">\n\t\t\t\t<div class=\"elementor-widget-container\">\n\t\t\t\t\t\t\t<p><b>\u00bfPOR QUE OBTENER UN BONO SALUDABLE?<\/b><\/p><ul><li aria-level=\"1\">Porque tienes un s\u00edntoma de alerta o afectaci\u00f3n en tu seno y quieres apoyo de un profesional de salud para valorar tu caso.\u00a0<\/li><\/ul><ul><li aria-level=\"1\">Porque te encuentras en edad de realizar tus chequeos, aunque no tengas alg\u00fan s\u00edntoma de alerta.\u00a0\u00a0<\/li><\/ul><ul><li aria-level=\"1\">Porque tienes alg\u00fan antecedente de c\u00e1ncer de mama en tu familia y quieres realizarte un chequeo preventivo.\u00a0<\/li><\/ul><p>\u00a0<\/p>\t\t\t\t\t\t<\/div>\n\t\t\t\t<\/div>\n\t\t\t\t<div class=\"elementor-element elementor-element-1d07654c elementor-align-left elementor-widget elementor-widget-button\" data-id=\"1d07654c\" data-element_type=\"widget\" data-widget_type=\"button.default\">\n\t\t\t\t<div class=\"elementor-widget-container\">\n\t\t\t\t\t<div class=\"elementor-button-wrapper\">\n\t\t\t<a href=\"https:\/\/fundacionortizgurdian-salud.org\/home\/bono-saludable-rosa\/\" class=\"elementor-button-link elementor-button elementor-size-sm\" role=\"button\">\n\t\t\t\t\t\t<span class=\"elementor-button-content-wrapper\">\n\t\t\t\t\t\t<span class=\"elementor-button-text\">Bono Saludable Rosa<\/span>\n\t\t<\/span>\n\t\t\t\t\t<\/a>\n\t\t<\/div>\n\t\t\t\t<\/div>\n\t\t\t\t<\/div>\n\t\t\t\t\t<\/div>\n\t\t<\/div>\n\t\t\t\t\t\t\t<\/div>\n\t\t<\/section>\n\t\t\t\t\t<\/div>\n\t\t<\/div>\n\t\t\t\t\t\t\t<\/div>\n\t\t<\/section>\n\t\t\t\t<section class=\"elementor-section elementor-top-section elementor-element elementor-element-d2879af elementor-section-full_width elementor-section-stretched elementor-section-height-default elementor-section-height-default\" data-id=\"d2879af\" data-element_type=\"section\" data-settings=\"{&quot;stretch_section&quot;:&quot;section-stretched&quot;}\">\n\t\t\t\t\t\t<div class=\"elementor-container elementor-column-gap-default\">\n\t\t\t\t\t<div class=\"elementor-column elementor-col-100 elementor-top-column elementor-element elementor-element-9af6765\" data-id=\"9af6765\" data-element_type=\"column\">\n\t\t\t<div class=\"elementor-widget-wrap elementor-element-populated\">\n\t\t\t\t\t\t\t\t<div class=\"elementor-element elementor-element-6f98584 elementor-widget elementor-widget-google_maps\" data-id=\"6f98584\" data-element_type=\"widget\" data-widget_type=\"google_maps.default\">\n\t\t\t\t<div class=\"elementor-widget-container\">\n\t\t\t\t\t<div class=\"elementor-custom-embed\">\n\t\t\t<iframe frameborder=\"0\" scrolling=\"no\" marginheight=\"0\" marginwidth=\"0\"\n\t\t\t\t\tsrc=\"https:\/\/maps.google.com\/maps?q=Fundacion%20Ortiz%20Gurdian&#038;t=m&#038;z=15&#038;output=embed&#038;iwloc=near\"\n\t\t\t\t\ttitle=\"Fundacion Ortiz Gurdian\"\n\t\t\t\t\taria-label=\"Fundacion Ortiz Gurdian\"\n\t\t\t><\/iframe>\n\t\t<\/div>\n\t\t\t\t<\/div>\n\t\t\t\t<\/div>\n\t\t\t\t\t<\/div>\n\t\t<\/div>\n\t\t\t\t\t\t\t<\/div>\n\t\t<\/section>\n\t\t\t\t\t\t<\/div>\n\t\t\t\t\t<\/div>\n\t\t","protected":false},"excerpt":{"rendered":"<p>Contacto Envianos un Mensaje Tel\u00e9fono: +(505) 2268-1744 Email: info@fundacionortizgurdian.org Facebook-f Instagram HAZ TU CITA! \u00bfPOR QUE OBTENER UN BONO SALUDABLE? Porque tienes un s\u00edntoma de alerta o afectaci\u00f3n en tu seno y quieres apoyo de un profesional de salud para valorar tu caso.\u00a0 Porque te encuentras en edad de realizar tus chequeos, aunque no tengas &hellip;<\/p>\n<p class=\"read-more\"> <a class=\"\" href=\"https:\/\/fundacionortizgurdian-salud.org\/home\/contacto\/\"> <span class=\"screen-reader-text\">Contacto<\/span> Leer m\u00e1s \u00bb<\/a><\/p>\n","protected":false},"author":1,"featured_media":0,"parent":0,"menu_order":0,"comment_status":"closed","ping_status":"closed","template":"elementor_header_footer","meta":{"footnotes":""},"class_list":["post-1180","page","type-page","status-publish","hentry"],"yoast_head":"<!-- This site is optimized with the Yoast SEO plugin v17.3 - https:\/\/yoast.com\/wordpress\/plugins\/seo\/ -->\n<title>Contacto - Fundaci\u00f3n Ortiz Gurdi\u00e1n<\/title>\n<meta name=\"robots\" content=\"index, follow, max-snippet:-1, max-image-preview:large, max-video-preview:-1\" \/>\n<link rel=\"canonical\" href=\"https:\/\/fundacionortizgurdian-salud.org\/home\/contacto\/\" \/>\n<meta property=\"og:locale\" content=\"es_ES\" \/>\n<meta property=\"og:type\" content=\"article\" \/>\n<meta property=\"og:title\" content=\"Contacto - Fundaci\u00f3n Ortiz Gurdi\u00e1n\" \/>\n<meta property=\"og:description\" content=\"Contacto Envianos un Mensaje Tel\u00e9fono: +(505) 2268-1744 Email: info@fundacionortizgurdian.org Facebook-f Instagram HAZ TU CITA! \u00bfPOR QUE OBTENER UN BONO SALUDABLE? Porque tienes un s\u00edntoma de alerta o afectaci\u00f3n en tu seno y quieres apoyo de un profesional de salud para valorar tu caso.\u00a0 Porque te encuentras en edad de realizar tus chequeos, aunque no tengas &hellip; Contacto Leer m\u00e1s \u00bb\" \/>\n<meta property=\"og:url\" content=\"https:\/\/fundacionortizgurdian-salud.org\/home\/contacto\/\" \/>\n<meta property=\"og:site_name\" content=\"Fundaci\u00f3n Ortiz Gurdi\u00e1n\" \/>\n<meta property=\"article:modified_time\" content=\"2021-07-21T02:29:27+00:00\" \/>\n<meta property=\"og:image\" content=\"https:\/\/fundacionortizgurdian-salud.org\/home\/wp-content\/uploads\/2021\/06\/ContactoFOGV2021.jpg\" \/>\n<meta name=\"twitter:card\" content=\"summary_large_image\" \/>\n<script type=\"application\/ld+json\" class=\"yoast-schema-graph\">{\"@context\":\"https:\/\/schema.org\",\"@graph\":[{\"@type\":\"WebSite\",\"@id\":\"https:\/\/fundacionortizgurdian-salud.org\/home\/#website\",\"url\":\"https:\/\/fundacionortizgurdian-salud.org\/home\/\",\"name\":\"Fundaci\\u00f3n Ortiz Gurdi\\u00e1n\",\"description\":\"Salud\",\"potentialAction\":[{\"@type\":\"SearchAction\",\"target\":{\"@type\":\"EntryPoint\",\"urlTemplate\":\"https:\/\/fundacionortizgurdian-salud.org\/home\/?s={search_term_string}\"},\"query-input\":\"required name=search_term_string\"}],\"inLanguage\":\"es\"},{\"@type\":\"ImageObject\",\"@id\":\"https:\/\/fundacionortizgurdian-salud.org\/home\/contacto\/#primaryimage\",\"inLanguage\":\"es\",\"url\":\"https:\/\/fundacionortizgurdian-salud.org\/home\/wp-content\/uploads\/2021\/06\/ContactoFOGV2021.jpg\",\"contentUrl\":\"https:\/\/fundacionortizgurdian-salud.org\/home\/wp-content\/uploads\/2021\/06\/ContactoFOGV2021.jpg\",\"width\":800,\"height\":534},{\"@type\":\"WebPage\",\"@id\":\"https:\/\/fundacionortizgurdian-salud.org\/home\/contacto\/#webpage\",\"url\":\"https:\/\/fundacionortizgurdian-salud.org\/home\/contacto\/\",\"name\":\"Contacto - Fundaci\\u00f3n Ortiz Gurdi\\u00e1n\",\"isPartOf\":{\"@id\":\"https:\/\/fundacionortizgurdian-salud.org\/home\/#website\"},\"primaryImageOfPage\":{\"@id\":\"https:\/\/fundacionortizgurdian-salud.org\/home\/contacto\/#primaryimage\"},\"datePublished\":\"2021-04-08T15:42:10+00:00\",\"dateModified\":\"2021-07-21T02:29:27+00:00\",\"breadcrumb\":{\"@id\":\"https:\/\/fundacionortizgurdian-salud.org\/home\/contacto\/#breadcrumb\"},\"inLanguage\":\"es\",\"potentialAction\":[{\"@type\":\"ReadAction\",\"target\":[\"https:\/\/fundacionortizgurdian-salud.org\/home\/contacto\/\"]}]},{\"@type\":\"BreadcrumbList\",\"@id\":\"https:\/\/fundacionortizgurdian-salud.org\/home\/contacto\/#breadcrumb\",\"itemListElement\":[{\"@type\":\"ListItem\",\"position\":1,\"name\":\"Portada\",\"item\":\"https:\/\/fundacionortizgurdian-salud.org\/home\/\"},{\"@type\":\"ListItem\",\"position\":2,\"name\":\"Contacto\"}]}]}<\/script>\n<!-- \/ Yoast SEO plugin. -->","yoast_head_json":{"title":"Contacto - Fundaci\u00f3n Ortiz Gurdi\u00e1n","robots":{"index":"index","follow":"follow","max-snippet":"max-snippet:-1","max-image-preview":"max-image-preview:large","max-video-preview":"max-video-preview:-1"},"canonical":"https:\/\/fundacionortizgurdian-salud.org\/home\/contacto\/","og_locale":"es_ES","og_type":"article","og_title":"Contacto - Fundaci\u00f3n Ortiz Gurdi\u00e1n","og_description":"Contacto Envianos un Mensaje Tel\u00e9fono: +(505) 2268-1744 Email: info@fundacionortizgurdian.org Facebook-f Instagram HAZ TU CITA! \u00bfPOR QUE OBTENER UN BONO SALUDABLE? Porque tienes un s\u00edntoma de alerta o afectaci\u00f3n en tu seno y quieres apoyo de un profesional de salud para valorar tu caso.\u00a0 Porque te encuentras en edad de realizar tus chequeos, aunque no tengas &hellip; Contacto Leer m\u00e1s \u00bb","og_url":"https:\/\/fundacionortizgurdian-salud.org\/home\/contacto\/","og_site_name":"Fundaci\u00f3n Ortiz Gurdi\u00e1n","article_modified_time":"2021-07-21T02:29:27+00:00","og_image":[{"url":"https:\/\/fundacionortizgurdian-salud.org\/home\/wp-content\/uploads\/2021\/06\/ContactoFOGV2021.jpg"}],"twitter_card":"summary_large_image","schema":{"@context":"https:\/\/schema.org","@graph":[{"@type":"WebSite","@id":"https:\/\/fundacionortizgurdian-salud.org\/home\/#website","url":"https:\/\/fundacionortizgurdian-salud.org\/home\/","name":"Fundaci\u00f3n Ortiz Gurdi\u00e1n","description":"Salud","potentialAction":[{"@type":"SearchAction","target":{"@type":"EntryPoint","urlTemplate":"https:\/\/fundacionortizgurdian-salud.org\/home\/?s={search_term_string}"},"query-input":"required name=search_term_string"}],"inLanguage":"es"},{"@type":"ImageObject","@id":"https:\/\/fundacionortizgurdian-salud.org\/home\/contacto\/#primaryimage","inLanguage":"es","url":"https:\/\/fundacionortizgurdian-salud.org\/home\/wp-content\/uploads\/2021\/06\/ContactoFOGV2021.jpg","contentUrl":"https:\/\/fundacionortizgurdian-salud.org\/home\/wp-content\/uploads\/2021\/06\/ContactoFOGV2021.jpg","width":800,"height":534},{"@type":"WebPage","@id":"https:\/\/fundacionortizgurdian-salud.org\/home\/contacto\/#webpage","url":"https:\/\/fundacionortizgurdian-salud.org\/home\/contacto\/","name":"Contacto - Fundaci\u00f3n Ortiz Gurdi\u00e1n","isPartOf":{"@id":"https:\/\/fundacionortizgurdian-salud.org\/home\/#website"},"primaryImageOfPage":{"@id":"https:\/\/fundacionortizgurdian-salud.org\/home\/contacto\/#primaryimage"},"datePublished":"2021-04-08T15:42:10+00:00","dateModified":"2021-07-21T02:29:27+00:00","breadcrumb":{"@id":"https:\/\/fundacionortizgurdian-salud.org\/home\/contacto\/#breadcrumb"},"inLanguage":"es","potentialAction":[{"@type":"ReadAction","target":["https:\/\/fundacionortizgurdian-salud.org\/home\/contacto\/"]}]},{"@type":"BreadcrumbList","@id":"https:\/\/fundacionortizgurdian-salud.org\/home\/contacto\/#breadcrumb","itemListElement":[{"@type":"ListItem","position":1,"name":"Portada","item":"https:\/\/fundacionortizgurdian-salud.org\/home\/"},{"@type":"ListItem","position":2,"name":"Contacto"}]}]}},"_links":{"self":[{"href":"https:\/\/fundacionortizgurdian-salud.org\/home\/wp-json\/wp\/v2\/pages\/1180","targetHints":{"allow":["GET"]}}],"collection":[{"href":"https:\/\/fundacionortizgurdian-salud.org\/home\/wp-json\/wp\/v2\/pages"}],"about":[{"href":"https:\/\/fundacionortizgurdian-salud.org\/home\/wp-json\/wp\/v2\/types\/page"}],"author":[{"embeddable":true,"href":"https:\/\/fundacionortizgurdian-salud.org\/home\/wp-json\/wp\/v2\/users\/1"}],"replies":[{"embeddable":true,"href":"https:\/\/fundacionortizgurdian-salud.org\/home\/wp-json\/wp\/v2\/comments?post=1180"}],"version-history":[{"count":67,"href":"https:\/\/fundacionortizgurdian-salud.org\/home\/wp-json\/wp\/v2\/pages\/1180\/revisions"}],"predecessor-version":[{"id":2659,"href":"https:\/\/fundacionortizgurdian-salud.org\/home\/wp-json\/wp\/v2\/pages\/1180\/revisions\/2659"}],"wp:attachment":[{"href":"https:\/\/fundacionortizgurdian-salud.org\/home\/wp-json\/wp\/v2\/media?parent=1180"}],"curies":[{"name":"wp","href":"https:\/\/api.w.org\/{rel}","templated":true}]}}